{"id":2852,"date":"2023-10-23T11:51:39","date_gmt":"2023-10-23T11:51:39","guid":{"rendered":"https:\/\/sinprejuicios.fundacionesplai.org\/index.php\/herramientas\/"},"modified":"2024-10-25T11:40:54","modified_gmt":"2024-10-25T11:40:54","slug":"herramientas","status":"publish","type":"page","link":"https:\/\/sinprejuicios.fundacionesplai.org\/index.php\/herramientas\/?lang=en","title":{"rendered":"Herramientas"},"content":{"rendered":"<p>[et_pb_section fb_built=&#8221;1&#8243; fullwidth=&#8221;on&#8221; disabled_on=&#8221;on|on|on&#8221; _builder_version=&#8221;4.19.5&#8243; _module_preset=&#8221;default&#8221; disabled=&#8221;on&#8221; global_colors_info=&#8221;{}&#8221;][et_pb_fullwidth_slider _builder_version=&#8221;4.19.5&#8243; _module_preset=&#8221;default&#8221; link_option_url_new_window=&#8221;on&#8221; global_colors_info=&#8221;{}&#8221;][et_pb_slide heading=&#8221;Ayuda a Vera a combatir la desinformaci\u00f3n&#8221; button_text=&#8221;\u00a1Desc\u00e1rgalo gratis!&#8221; button_link=&#8221;https:\/\/fundacionesplai.org\/blog\/socioeducativa\/conoces-nuestro-videojuego-vera-y-la-maldicion-de-los-medios-que-hemos-disenado-con-gisela-vaquero-ro-de-women-in-games-es\/&#8221; url_new_window=&#8221;on&#8221; _builder_version=&#8221;4.19.5&#8243; _module_preset=&#8221;default&#8221; background_color=&#8221;RGBA(255,255,255,0)&#8221; background_enable_color=&#8221;on&#8221; background_image=&#8221;https:\/\/sinprejuicios.fundacionesplai.org\/wp-content\/uploads\/2023\/10\/Vera-y-la-maldicion.jpg&#8221; background_enable_image=&#8221;on&#8221; global_colors_info=&#8221;{}&#8221; sticky_transition=&#8221;on&#8221;]<\/p>\n<p style=\"text-align: center;\">Ayuda a Vera a combatir la desinformaci\u00f3n<\/p>\n<p>[\/et_pb_slide][et_pb_slide heading=&#8221;Y a ti, \u00bfte la cuelan? Realiza el test contra la desinformaci\u00f3n&#8221; button_text=&#8221;Realiza el TEST&#8221; button_link=&#8221;https:\/\/sinprejuicios.fundacionesplai.org\/index.php\/registro\/&#8221; _builder_version=&#8221;4.19.5&#8243; _module_preset=&#8221;default&#8221; background_image=&#8221;https:\/\/sinprejuicios.fundacionesplai.org\/wp-content\/uploads\/2020\/10\/mano.jpg&#8221; background_enable_image=&#8221;on&#8221; global_colors_info=&#8221;{}&#8221; sticky_transition=&#8221;on&#8221;][\/et_pb_slide][et_pb_slide heading=&#8221;Yo no tengo prejuicios, pero&#8230; Averigua si es verdad en nuestro test&#8221; button_text=&#8221;TEST #SinPrejuicios&#8221; _builder_version=&#8221;4.19.5&#8243; _module_preset=&#8221;default&#8221; background_color=&#8221;RGBA(255,255,255,0)&#8221; background_enable_color=&#8221;on&#8221; background_image=&#8221;https:\/\/sinprejuicios.fundacionesplai.org\/wp-content\/uploads\/2023\/10\/human-rights-3805188_1920.jpg&#8221; background_enable_image=&#8221;on&#8221; background_blend=&#8221;color-burn&#8221; global_colors_info=&#8221;{}&#8221; sticky_transition=&#8221;on&#8221;][\/et_pb_slide][\/et_pb_fullwidth_slider][\/et_pb_section][et_pb_section fb_built=&#8221;1&#8243; fullwidth=&#8221;on&#8221; _builder_version=&#8221;4.19.5&#8243; _module_preset=&#8221;default&#8221; global_colors_info=&#8221;{}&#8221;][et_pb_fullwidth_header title=&#8221;\u00bfQuieres conocer nuestros recursos?&#8221; subhead=&#8221;Disponemos de herramientas gratuitas donde podr\u00e1s comprobar si eres una persona con prejuicios o no, si eres consumid@r de bulos o incluso podr\u00e1s ayudar a Vera a combatir los prejuicios y fomentar la diversidad y la interculturalidad&#8221; _builder_version=&#8221;4.19.5&#8243; _module_preset=&#8221;default&#8221; global_colors_info=&#8221;{}&#8221;][\/et_pb_fullwidth_header][\/et_pb_section][et_pb_section fb_built=&#8221;1&#8243; _builder_version=&#8221;4.19.5&#8243; _module_preset=&#8221;default&#8221; background_color=&#8221;RGBA(255,255,255,0)&#8221; global_colors_info=&#8221;{}&#8221;][et_pb_row column_structure=&#8221;1_3,1_3,1_3&#8243; _builder_version=&#8221;4.19.5&#8243; _module_preset=&#8221;default&#8221; background_color=&#8221;RGBA(255,255,255,0)&#8221; animation_style=&#8221;bounce&#8221; global_colors_info=&#8221;{}&#8221;][et_pb_column type=&#8221;1_3&#8243; _builder_version=&#8221;4.19.5&#8243; _module_preset=&#8221;default&#8221; global_colors_info=&#8221;{}&#8221;][et_pb_image src=&#8221;https:\/\/sinprejuicios.fundacionesplai.org\/wp-content\/uploads\/2021\/11\/captura-videojuego-ciudad.png&#8221; title_text=&#8221;captura videojuego &#8211; ciudad&#8221; _builder_version=&#8221;4.19.5&#8243; _module_preset=&#8221;default&#8221; transform_scale_tablet=&#8221;&#8221; transform_scale_phone=&#8221;&#8221; transform_scale_last_edited=&#8221;on|desktop&#8221; transform_translate_tablet=&#8221;&#8221; transform_translate_phone=&#8221;&#8221; transform_translate_last_edited=&#8221;on|desktop&#8221; transform_rotate_tablet=&#8221;&#8221; transform_rotate_phone=&#8221;&#8221; transform_rotate_last_edited=&#8221;on|desktop&#8221; transform_skew_tablet=&#8221;&#8221; transform_skew_phone=&#8221;&#8221; transform_skew_last_edited=&#8221;on|desktop&#8221; transform_origin_tablet=&#8221;&#8221; transform_origin_phone=&#8221;&#8221; transform_origin_last_edited=&#8221;on|desktop&#8221; transform_styles_last_edited=&#8221;on|desktop&#8221; min_height=&#8221;214.8px&#8221; transform_styles_tablet=&#8221;&#8221; transform_styles_phone=&#8221;&#8221; global_colors_info=&#8221;{}&#8221; transform_styles__hover_enabled=&#8221;on|hover&#8221; transform_scale__hover_enabled=&#8221;on|hover&#8221; transform_translate__hover_enabled=&#8221;on|desktop&#8221; transform_rotate__hover_enabled=&#8221;on|desktop&#8221; transform_skew__hover_enabled=&#8221;on|desktop&#8221; transform_origin__hover_enabled=&#8221;on|desktop&#8221; transform_scale__hover=&#8221;110%|110%&#8221;][\/et_pb_image][et_pb_text _builder_version=&#8221;4.23.4&#8243; _module_preset=&#8221;default&#8221; background_color=&#8221;RGBA(255,255,255,0)&#8221; width=&#8221;100%&#8221; min_height=&#8221;47.8px&#8221; link_option_url=&#8221;https:\/\/fundacionesplai.org\/blog\/socioeducativa\/conoces-nuestro-videojuego-vera-y-la-maldicion-de-los-medios-que-hemos-disenado-con-gisela-vaquero-ro-de-women-in-games-es\/&#8221; global_colors_info=&#8221;{}&#8221;]<\/p>\n<h1 class=\"entry-title\" style=\"text-align: center;\"><strong>COMBATE LOS PREJUICIOS CON VERA<\/strong><\/h1>\n<p>[\/et_pb_text][et_pb_text _builder_version=&#8221;4.23.4&#8243; _module_preset=&#8221;default&#8221; width=&#8221;100%&#8221; min_height=&#8221;137.4px&#8221; custom_padding=&#8221;|||0px||&#8221; global_colors_info=&#8221;{}&#8221;]<\/p>\n<p style=\"text-align: justify;\">La protagonista es Vera, una reportera que tiene que combatir los prejuicios que han convertido su ciudad, Divercity, en un lugar inh\u00f3spito donde sus habitantes se creen todo lo que leen y ven en los medios de comunicaci\u00f3n y en Internet<\/p>\n<p>[\/et_pb_text][et_pb_button button_url=&#8221;https:\/\/fundacionesplai.org\/blog\/socioeducativa\/conoces-nuestro-videojuego-vera-y-la-maldicion-de-los-medios-que-hemos-disenado-con-gisela-vaquero-ro-de-women-in-games-es\/&#8221; url_new_window=&#8221;on&#8221; button_text=&#8221;DESC\u00c1RGATELO&#8221; button_alignment=&#8221;center&#8221; _builder_version=&#8221;4.19.5&#8243; _module_preset=&#8221;default&#8221; global_colors_info=&#8221;{}&#8221;][\/et_pb_button][\/et_pb_column][et_pb_column type=&#8221;1_3&#8243; _builder_version=&#8221;4.19.5&#8243; _module_preset=&#8221;default&#8221; global_colors_info=&#8221;{}&#8221;][et_pb_image src=&#8221;https:\/\/sinprejuicios.fundacionesplai.org\/wp-content\/uploads\/2020\/10\/mano.jpg&#8221; title_text=&#8221;mano&#8221; _builder_version=&#8221;4.19.5&#8243; _module_preset=&#8221;default&#8221; transform_scale_tablet=&#8221;&#8221; transform_scale_phone=&#8221;&#8221; transform_scale_last_edited=&#8221;on|desktop&#8221; transform_translate_tablet=&#8221;&#8221; transform_translate_phone=&#8221;&#8221; transform_translate_last_edited=&#8221;on|desktop&#8221; transform_rotate_tablet=&#8221;&#8221; transform_rotate_phone=&#8221;&#8221; transform_rotate_last_edited=&#8221;on|desktop&#8221; transform_skew_tablet=&#8221;&#8221; transform_skew_phone=&#8221;&#8221; transform_skew_last_edited=&#8221;on|desktop&#8221; transform_origin_tablet=&#8221;&#8221; transform_origin_phone=&#8221;&#8221; transform_origin_last_edited=&#8221;on|desktop&#8221; transform_styles_last_edited=&#8221;on|desktop&#8221; transform_styles_tablet=&#8221;&#8221; transform_styles_phone=&#8221;&#8221; global_colors_info=&#8221;{}&#8221; transform_styles__hover_enabled=&#8221;on|desktop&#8221; transform_scale__hover_enabled=&#8221;on|desktop&#8221; transform_translate__hover_enabled=&#8221;on|desktop&#8221; transform_rotate__hover_enabled=&#8221;on|desktop&#8221; transform_skew__hover_enabled=&#8221;on|desktop&#8221; transform_origin__hover_enabled=&#8221;on|desktop&#8221; transform_scale__hover=&#8221;110%|110%&#8221;][\/et_pb_image][et_pb_text _builder_version=&#8221;4.19.5&#8243; _module_preset=&#8221;default&#8221; width=&#8221;100%&#8221; min_height=&#8221;62px&#8221; global_colors_info=&#8221;{}&#8221;]<\/p>\n<h1 class=\"entry-title\" style=\"text-align: center;\"><\/h1>\n<h1 class=\"entry-title\" style=\"text-align: center;\"><strong>Y A TI, \u00bfTE LA CUELAN?<\/strong><\/h1>\n<p>[\/et_pb_text][et_pb_text _builder_version=&#8221;4.19.5&#8243; _module_preset=&#8221;default&#8221; width=&#8221;100%&#8221; min_height=&#8221;130.4px&#8221; global_colors_info=&#8221;{}&#8221;]<\/p>\n<p><span>Fundaci\u00f3n Esplai y Maldita han colaborado en la creaci\u00f3n de recursos para combatir la desinformaci\u00f3n. Sabr\u00e1s si &#8220;te la cuelan&#8221; respondiendo a unas preguntas y una vez finalices tendr\u00e1s accesos a materiales explicativos<\/span><\/p>\n<p>[\/et_pb_text][et_pb_button button_url=&#8221;@ET-DC@eyJkeW5hbWljIjp0cnVlLCJjb250ZW50IjoicG9zdF9saW5rX3VybF9wYWdlIiwic2V0dGluZ3MiOnsicG9zdF9pZCI6IjE0In19@&#8221; button_text=&#8221;COMPRU\u00c9BALO&#8221; button_alignment=&#8221;center&#8221; _builder_version=&#8221;4.19.5&#8243; _dynamic_attributes=&#8221;button_url&#8221; _module_preset=&#8221;default&#8221; global_colors_info=&#8221;{}&#8221;][\/et_pb_button][\/et_pb_column][et_pb_column type=&#8221;1_3&#8243; _builder_version=&#8221;4.19.5&#8243; _module_preset=&#8221;default&#8221; global_colors_info=&#8221;{}&#8221;][et_pb_image src=&#8221;https:\/\/sinprejuicios.fundacionesplai.org\/wp-content\/uploads\/2023\/10\/human-rights-3805188_1920.jpg&#8221; title_text=&#8221;human-rights-3805188_1920&#8243; _builder_version=&#8221;4.19.5&#8243; _module_preset=&#8221;default&#8221; global_colors_info=&#8221;{}&#8221; transform_styles__hover_enabled=&#8221;on|hover&#8221; transform_scale__hover_enabled=&#8221;on|hover&#8221; transform_translate__hover_enabled=&#8221;on|desktop&#8221; transform_rotate__hover_enabled=&#8221;on|desktop&#8221; transform_skew__hover_enabled=&#8221;on|desktop&#8221; transform_origin__hover_enabled=&#8221;on|desktop&#8221; transform_scale__hover=&#8221;110%|110%&#8221;][\/et_pb_image][et_pb_text _builder_version=&#8221;4.19.5&#8243; _module_preset=&#8221;default&#8221; width=&#8221;100%&#8221; min_height=&#8221;60px&#8221; global_colors_info=&#8221;{}&#8221;]<\/p>\n<h1 class=\"entry-title\" style=\"text-align: center;\"><strong><\/strong><\/h1>\n<h1 class=\"entry-title\" style=\"text-align: center;\"><strong>\u00bfTIENES PREJUICIOS?<\/strong><\/h1>\n<p>[\/et_pb_text][et_pb_text _builder_version=&#8221;4.19.5&#8243; _module_preset=&#8221;default&#8221; min_height=&#8221;137.2px&#8221; global_colors_info=&#8221;{}&#8221;]<\/p>\n<p style=\"text-align: justify;\">Reconocer los prejuicios es dif\u00edcil ya que a menudo est\u00e1n arraigados en nuestra vida diaria y pueden da\u00f1ar a personas injustamente. \u00bfCrees que eres una persona que se deja llevar por los prejuicios? Haz el test y lo sabr\u00e1s<\/p>\n<p>[\/et_pb_text][et_pb_button button_url=&#8221;@ET-DC@eyJkeW5hbWljIjp0cnVlLCJjb250ZW50IjoicG9zdF9saW5rX3VybF9wYWdlIiwic2V0dGluZ3MiOnsicG9zdF9pZCI6IjI2NjgifX0=@&#8221; button_text=&#8221;HAZ EL TEST&#8221; button_alignment=&#8221;center&#8221; _builder_version=&#8221;4.19.5&#8243; _dynamic_attributes=&#8221;button_url&#8221; _module_preset=&#8221;default&#8221; global_colors_info=&#8221;{}&#8221;][\/et_pb_button][\/et_pb_column][\/et_pb_row][et_pb_row _builder_version=&#8221;4.23.4&#8243; _module_preset=&#8221;default&#8221; global_colors_info=&#8221;{}&#8221;][et_pb_column type=&#8221;4_4&#8243; _builder_version=&#8221;4.23.4&#8243; _module_preset=&#8221;default&#8221; global_colors_info=&#8221;{}&#8221;][et_pb_image src=&#8221;https:\/\/sinprejuicios.fundacionesplai.org\/wp-content\/uploads\/2024\/10\/glosario.png&#8221; title_text=&#8221;glosario&#8221; align=&#8221;center&#8221; _builder_version=&#8221;4.23.4&#8243; _module_preset=&#8221;default&#8221; transform_scale_tablet=&#8221;&#8221; transform_scale_phone=&#8221;&#8221; transform_scale_last_edited=&#8221;on|desktop&#8221; transform_translate_tablet=&#8221;&#8221; transform_translate_phone=&#8221;&#8221; transform_translate_last_edited=&#8221;on|desktop&#8221; transform_rotate_tablet=&#8221;&#8221; transform_rotate_phone=&#8221;&#8221; transform_rotate_last_edited=&#8221;on|desktop&#8221; transform_skew_tablet=&#8221;&#8221; transform_skew_phone=&#8221;&#8221; transform_skew_last_edited=&#8221;on|desktop&#8221; transform_origin_tablet=&#8221;&#8221; transform_origin_phone=&#8221;&#8221; transform_origin_last_edited=&#8221;on|desktop&#8221; transform_styles_last_edited=&#8221;on|desktop&#8221; width=&#8221;43%&#8221; max_width=&#8221;42%&#8221; module_alignment=&#8221;center&#8221; min_height=&#8221;214.8px&#8221; height=&#8221;507px&#8221; max_height=&#8221;507px&#8221; transform_styles_tablet=&#8221;&#8221; transform_styles_phone=&#8221;&#8221; global_colors_info=&#8221;{}&#8221; transform_styles__hover_enabled=&#8221;on|hover&#8221; transform_scale__hover_enabled=&#8221;on|hover&#8221; transform_translate__hover_enabled=&#8221;on|desktop&#8221; transform_rotate__hover_enabled=&#8221;on|desktop&#8221; transform_skew__hover_enabled=&#8221;on|desktop&#8221; transform_origin__hover_enabled=&#8221;on|desktop&#8221; transform_scale__hover=&#8221;110%|110%&#8221;][\/et_pb_image][et_pb_text _builder_version=&#8221;4.23.4&#8243; _module_preset=&#8221;default&#8221; background_color=&#8221;RGBA(255,255,255,0)&#8221; width=&#8221;100%&#8221; min_height=&#8221;47.8px&#8221; link_option_url=&#8221;https:\/\/fundacionesplai.org\/blog\/socioeducativa\/conoces-nuestro-videojuego-vera-y-la-maldicion-de-los-medios-que-hemos-disenado-con-gisela-vaquero-ro-de-women-in-games-es\/&#8221; global_colors_info=&#8221;{}&#8221;]<\/p>\n<h1 class=\"entry-title\" style=\"text-align: center;\"><strong>GLOSARIO JUEGO PREJUICIOS CERO<\/strong><\/h1>\n<p>[\/et_pb_text][et_pb_button button_url=&#8221;https:\/\/sinprejuicios.fundacionesplai.org\/wp-content\/uploads\/2024\/10\/Glosario.pdf&#8221; url_new_window=&#8221;on&#8221; button_text=&#8221;DESC\u00c1RGATELO&#8221; button_alignment=&#8221;center&#8221; _builder_version=&#8221;4.23.4&#8243; _module_preset=&#8221;default&#8221; global_colors_info=&#8221;{}&#8221;][\/et_pb_button][\/et_pb_column][\/et_pb_row][\/et_pb_section][et_pb_section fb_built=&#8221;1&#8243; _builder_version=&#8221;4.19.5&#8243; _module_preset=&#8221;default&#8221; min_height=&#8221;301px&#8221; global_colors_info=&#8221;{}&#8221;][et_pb_row _builder_version=&#8221;4.19.5&#8243; _module_preset=&#8221;default&#8221; background_color=&#8221;RGBA(255,255,255,0)&#8221; custom_padding=&#8221;0px||0px|||&#8221; global_colors_info=&#8221;{}&#8221;][et_pb_column type=&#8221;4_4&#8243; _builder_version=&#8221;4.19.5&#8243; _module_preset=&#8221;default&#8221; global_colors_info=&#8221;{}&#8221;][et_pb_cta title=&#8221;\u00bfQUIERES M\u00c1S HERRAMIENTAS?&#8221; button_url=&#8221;https:\/\/sinprejuicios.fundacionesplai.org\/index.php\/contacto\/&#8221; url_new_window=&#8221;on&#8221; button_text=&#8221;+INFO&#8221; _builder_version=&#8221;4.19.5&#8243; _module_preset=&#8221;default&#8221; background_color=&#8221;#6136AC&#8221; background_enable_image=&#8221;off&#8221; background_size=&#8221;custom&#8221; background_image_width=&#8221;35%&#8221; background_image_height=&#8221;100%&#8221; background_position=&#8221;bottom_center&#8221; background_blend=&#8221;color-burn&#8221; animation_style=&#8221;bounce&#8221; global_colors_info=&#8221;{}&#8221;]<\/p>\n<p>Si eres una entidad y quieres participar en el programa #SinPrejuicios, disponemos de recursos y herramientas gratuitos para combatir la desinformaci\u00f3n, sensibilizar sobre colectivos vulnerables y combatir los delitos de odio<\/p>\n<p>[\/et_pb_cta][\/et_pb_column][\/et_pb_row][\/et_pb_section]<\/p>\n","protected":false},"excerpt":{"rendered":"<p>Ayuda a Vera a combatir la desinformaci\u00f3nCOMBATE LOS PREJUICIOS CON VERALa protagonista es Vera, una reportera que tiene que combatir los prejuicios que han convertido su ciudad, Divercity, en un lugar inh\u00f3spito donde sus habitantes se creen todo lo que leen y ven en los medios de comunicaci\u00f3n y en Internet Y A TI, \u00bfTE [&hellip;]<\/p>\n","protected":false},"author":270,"featured_media":0,"parent":0,"menu_order":0,"comment_status":"closed","ping_status":"closed","template":"","meta":{"_et_pb_use_builder":"on","_et_pb_old_content":"","_et_gb_content_width":"","footnotes":""},"class_list":["post-2852","page","type-page","status-publish","hentry"],"_links":{"self":[{"href":"https:\/\/sinprejuicios.fundacionesplai.org\/index.php\/wp-json\/wp\/v2\/pages\/2852","targetHints":{"allow":["GET"]}}],"collection":[{"href":"https:\/\/sinprejuicios.fundacionesplai.org\/index.php\/wp-json\/wp\/v2\/pages"}],"about":[{"href":"https:\/\/sinprejuicios.fundacionesplai.org\/index.php\/wp-json\/wp\/v2\/types\/page"}],"author":[{"embeddable":true,"href":"https:\/\/sinprejuicios.fundacionesplai.org\/index.php\/wp-json\/wp\/v2\/users\/270"}],"replies":[{"embeddable":true,"href":"https:\/\/sinprejuicios.fundacionesplai.org\/index.php\/wp-json\/wp\/v2\/comments?post=2852"}],"version-history":[{"count":21,"href":"https:\/\/sinprejuicios.fundacionesplai.org\/index.php\/wp-json\/wp\/v2\/pages\/2852\/revisions"}],"predecessor-version":[{"id":3082,"href":"https:\/\/sinprejuicios.fundacionesplai.org\/index.php\/wp-json\/wp\/v2\/pages\/2852\/revisions\/3082"}],"wp:attachment":[{"href":"https:\/\/sinprejuicios.fundacionesplai.org\/index.php\/wp-json\/wp\/v2\/media?parent=2852"}],"curies":[{"name":"wp","href":"https:\/\/api.w.org\/{rel}","templated":true}]}}