{"id":495,"date":"2020-10-28T16:03:18","date_gmt":"2020-10-28T16:03:18","guid":{"rendered":"https:\/\/sinprejuicios.fundacionesplai.org\/?page_id=495"},"modified":"2024-02-23T15:24:53","modified_gmt":"2024-02-23T15:24:53","slug":"registro","status":"publish","type":"page","link":"https:\/\/sinprejuicios.fundacionesplai.org\/index.php\/registro\/","title":{"rendered":"Registro"},"content":{"rendered":"<p>[et_pb_section fb_built=&#8221;1&#8243; fullwidth=&#8221;on&#8221; _builder_version=&#8221;4.16&#8243; _module_preset=&#8221;default&#8221; global_colors_info=&#8221;{}&#8221;][et_pb_fullwidth_menu menu_id=&#8221;18&#8243; active_link_color=&#8221;#6136ac&#8221; logo=&#8221;https:\/\/sinprejuicios.fundacionesplai.org\/wp-content\/uploads\/2020\/09\/logo-FE_horizontal-RGB_BLANCO_TRANSP.png&#8221; logo_url=&#8221;@ET-DC@eyJkeW5hbWljIjp0cnVlLCJjb250ZW50IjoicG9zdF9saW5rX3VybF9wYWdlIiwic2V0dGluZ3MiOnsicG9zdF9pZCI6IjEzOTUifX0=@&#8221; logo_max_width=&#8221;61%&#8221; _builder_version=&#8221;4.16&#8243; _dynamic_attributes=&#8221;logo_url&#8221; _module_preset=&#8221;default&#8221; menu_font=&#8221;|700|||||||&#8221; menu_text_color=&#8221;#ffffff&#8221; background_color=&#8221;#000000&#8243; text_orientation=&#8221;right&#8221; global_colors_info=&#8221;{}&#8221;][\/et_pb_fullwidth_menu][\/et_pb_section][et_pb_section fb_built=&#8221;1&#8243; _builder_version=&#8221;4.16&#8243; custom_margin=&#8221;0px||0px||false|false&#8221; global_colors_info=&#8221;{}&#8221;][et_pb_row _builder_version=&#8221;4.16&#8243; background_size=&#8221;initial&#8221; background_position=&#8221;top_left&#8221; background_repeat=&#8221;repeat&#8221; width_tablet=&#8221;&#8221; width_phone=&#8221;100%&#8221; width_last_edited=&#8221;on|phone&#8221; max_width_tablet=&#8221;&#8221; max_width_phone=&#8221;100%&#8221; max_width_last_edited=&#8221;on|phone&#8221; global_colors_info=&#8221;{}&#8221;][et_pb_column type=&#8221;4_4&#8243; _builder_version=&#8221;4.16&#8243; custom_padding=&#8221;|||&#8221; global_colors_info=&#8221;{}&#8221; custom_padding__hover=&#8221;|||&#8221;][et_pb_text _builder_version=&#8221;4.23.4&#8243; background_size=&#8221;initial&#8221; background_position=&#8221;top_left&#8221; background_repeat=&#8221;repeat&#8221; hover_enabled=&#8221;0&#8243; global_colors_info=&#8221;{}&#8221; sticky_enabled=&#8221;0&#8243;]<\/p>\n<p><strong>Los contenidos formativos \u00a1Que no te la cuelen! est\u00e1n limitados a usuarios no registrados. Para desbloquearlos reg\u00edstrate o inicia sesi\u00f3n con tu cuenta #SinprejuiciosRCM para poder desbloquearlos.<\/strong><\/p>\n<p><strong>\u00bfPor qu\u00e9 pedimos tus datos? Formamos parte de un proyecto que necesita subvenci\u00f3n para poder realizar las acciones de concienciaci\u00f3n y lucha contra los prejuicios y discriminaci\u00f3n. Para ello, necesitamos cumplir unos objetivos de impacto y por eso te pedimos los datos, para que seas parte de la representaci\u00f3n de nuestro trabajo<\/strong>\u200b<\/p>\n<p>[\/et_pb_text][et_pb_code _builder_version=&#8221;4.23.4&#8243; _module_preset=&#8221;default&#8221; hover_enabled=&#8221;0&#8243; sticky_enabled=&#8221;0&#8243;]\n<div class=\"um um-register um-485\">\n\t<div class=\"um-form\" data-mode=\"register\">\n\t\t<form method=\"post\" action=\"\">\n\t\t\t<div class=\"um-row _um_row_1 \" style=\"padding: 0px 0px 0px 0px;margin: 0px 0px 30px 0px;border-width: 0px 0px 0px 0px;border-style: solid;border-color: #0a0a0a;border-radius: 0px;\"><div class=\"um-col-121\"><div  id=\"um_field_485_first_name\" class=\"um-field um-field-text  um-field-first_name um-field-text um-field-type_text\" data-key=\"first_name\"><div class=\"um-field-label\"><label for=\"first_name-485\">Nombre<\/label><div class=\"um-clear\"><\/div><\/div><div class=\"um-field-area\"><input  autocomplete=\"off\" class=\"um-form-field valid not-required \" type=\"text\" name=\"first_name-485\" id=\"first_name-485\" value=\"\" placeholder=\"\" data-validate=\"\" data-key=\"first_name\"  aria-invalid=\"false\" \/>\n\n\t\t\t\t\t\t<\/div><\/div><\/div><div class=\"um-col-122\"><div  id=\"um_field_485_last_name\" class=\"um-field um-field-text  um-field-last_name um-field-text um-field-type_text\" data-key=\"last_name\"><div class=\"um-field-label\"><label for=\"last_name-485\">Apellidos<\/label><div class=\"um-clear\"><\/div><\/div><div class=\"um-field-area\"><input  autocomplete=\"off\" class=\"um-form-field valid \" type=\"text\" name=\"last_name-485\" id=\"last_name-485\" value=\"\" placeholder=\"\" data-validate=\"\" data-key=\"last_name\"  aria-invalid=\"false\" \/>\n\n\t\t\t\t\t\t<\/div><\/div><\/div><div class=\"um-clear\"><\/div><div class=\"um-col-121\"><div  id=\"um_field_485_sexo\" class=\"um-field um-field-multiselect  um-field-sexo um-field-multiselect um-field-type_multiselect\" data-key=\"sexo\"><div class=\"um-field-label\"><label for=\"sexo-485\">G\u00e9nero<\/label><div class=\"um-clear\"><\/div><\/div><div class=\"um-field-area  \"><select   multiple=\"multiple\" name=\"sexo[]\" id=\"sexo\" data-maxsize=\"1\" data-validate=\"\" data-key=\"sexo\" class=\"um-form-field valid um-s1 \" style=\"width: 100%\" data-placeholder=\"\"  aria-invalid=\"false\" ><option value=\"\"><\/option><option value=\"Hombre\" >Hombre<\/option><option value=\"Mujer\" >Mujer<\/option><option value=\"NS\/NC\" >NS\/NC<\/option><\/select><\/div><\/div><\/div><div class=\"um-col-122\"><div  id=\"um_field_485_dninie\" class=\"um-field um-field-text  um-field-dninie um-field-text um-field-type_text\" data-key=\"dninie\"><div class=\"um-field-label\"><label for=\"dninie-485\">DNI\/NIE<\/label><div class=\"um-clear\"><\/div><\/div><div class=\"um-field-area\"><input  autocomplete=\"off\" class=\"um-form-field valid \" type=\"text\" name=\"dninie-485\" id=\"dninie-485\" value=\"\" placeholder=\"\" data-validate=\"\" data-key=\"dninie\"  aria-invalid=\"false\" \/>\n\n\t\t\t\t\t\t<\/div><\/div><\/div><div class=\"um-clear\"><\/div><div class=\"um-col-121\"><div  id=\"um_field_485_user_email\" class=\"um-field um-field-text  um-field-user_email um-field-text um-field-type_text\" data-key=\"user_email\"><div class=\"um-field-label\"><label for=\"user_email-485\">Direcci\u00f3n de correo electr\u00f3nico<\/label><div class=\"um-clear\"><\/div><\/div><div class=\"um-field-area\"><input  autocomplete=\"off\" class=\"um-form-field valid not-required \" type=\"text\" name=\"user_email-485\" id=\"user_email-485\" value=\"\" placeholder=\"\" data-validate=\"unique_email\" data-key=\"user_email\"  aria-invalid=\"false\" \/>\n\n\t\t\t\t\t\t<\/div><\/div><\/div><div class=\"um-col-122\"><div  id=\"um_field_485_user_login\" class=\"um-field um-field-text  um-field-user_login um-field-text um-field-type_text\" data-key=\"user_login\"><div class=\"um-field-label\"><label for=\"user_login-485\">Nombre de usuario<\/label><div class=\"um-clear\"><\/div><\/div><div class=\"um-field-area\"><input  autocomplete=\"off\" class=\"um-form-field valid \" type=\"text\" name=\"user_login-485\" id=\"user_login-485\" value=\"\" placeholder=\"\" data-validate=\"unique_username\" data-key=\"user_login\"  aria-invalid=\"false\" \/>\n\n\t\t\t\t\t\t<\/div><\/div><\/div><div class=\"um-clear\"><\/div><\/div><div class=\"um-row _um_row_2 \" style=\"margin: 0 0 30px 0;\"><div class=\"um-col-1\"><div  id=\"um_field_485_user_password\" class=\"um-field um-field-password  um-field-user_password um-field-password um-field-type_password\" data-key=\"user_password\"><div class=\"um-field-label\"><label for=\"user_password-485\">Contrase\u00f1a<\/label><div class=\"um-clear\"><\/div><\/div><div class=\"um-field-area\"><input class=\"um-form-field valid \" type=\"password\" name=\"user_password-485\" id=\"user_password-485\" value=\"\" placeholder=\"\" data-validate=\"\" data-key=\"user_password\"  aria-invalid=\"false\" \/>\n\n\t\t\t\t\t\t\t<\/div><\/div><div  id=\"um_field_485_confirm_user_password\" class=\"um-field um-field-password  um-field-user_password um-field-password um-field-type_password\" data-key=\"confirm_user_password\"><div class=\"um-field-label\"><label for=\"confirm_user_password-485\">Confirmar Contrase\u00f1a<\/label><div class=\"um-clear\"><\/div><\/div><div class=\"um-field-area\"><input class=\"um-form-field valid \" type=\"password\" name=\"confirm_user_password-485\" id=\"confirm_user_password-485\" value=\"\" placeholder=\"Confirmar Contrase\u00f1a\" data-validate=\"\" data-key=\"confirm_user_password\"  aria-invalid=\"false\" \/><\/div><\/div><\/div><\/div>\n<!-- This file should primarily consist of HTML with a little bit of PHP. -->\n<div class=\"um-field um-field-type_terms_conditions\" data-key=\"use_terms_conditions_agreement\" style=\"display:block;padding:0;\">\n\t<div class=\"um-field-area\">\n\t\t<div class=\"um-gdpr-content\" style=\"display:none;\">\n\t\t\t\n<h1 class=\"wp-block-heading\">POL\u00cdTICA DE PRIVACIDAD<\/h1>\n\n\n\n<p><strong>PROTECCI\u00d3N DE DATOS DE CAR\u00c1CTER PERSONAL:<\/strong><\/p>\n\n\n\n<p>La confidencialidad de tus datos personales es un aspecto fundamental para Fundaci\u00f3n Esplai Ciudadan\u00eda Comprometida. Al hacer uso de esta Web y de los servicios que en ella se ofrecen, el usuario acepta quedar vinculado a las condiciones de la presente Pol\u00edtica.<\/p>\n\n\n\n<p>Esta Pol\u00edtica est\u00e1 dirigida a explicar c\u00f3mo y con qu\u00e9 prop\u00f3sitos utilizamos la informaci\u00f3n proporcionada. A estos efectos, rogamos que leas atentamente esta Pol\u00edtica de Privacidad.<br>Fundaci\u00f3n Esplai Ciudadan\u00eda Comprometida se reserva el derecho de modificar la presente pol\u00edtica de privacidad de acuerdo con su propio criterio, o motivado por un cambio legal, jurisprudencial, o doctrinal de la Agencia Espa\u00f1ola de Protecci\u00f3n de Datos. El uso de la web despu\u00e9s de los cambios, implicar\u00e1 la aceptaci\u00f3n de los mismos.<\/p>\n\n\n\n<p>En caso de duda en relaci\u00f3n con la presente Pol\u00edtica de Privacidad, puedes contactar con nosotros dirigi\u00e9ndote a Fundaci\u00f3n Esplai, Ciudadan\u00eda Comprometida, Calle Riu Anoia 42-54, 08820 El Prat de Llobregat (Barcelona) o Calle Latina 21, Local 13 28047 Madrid, o por correo electr\u00f3nico a&nbsp;<a href=\"mailto:datospersonales@fundacionesplai.org\">datospersonales@fundacionesplai.org<\/a>.<\/p>\n\n\n\n<p><strong>\u00bfQui\u00e9n es el responsable?<\/strong><\/p>\n\n\n\n<p>Fundaci\u00f3n Esplai, Ciudadan\u00eda Comprometida, con NIF: G-62090535. La entidad Fundaci\u00f3n Esplai, Ciudadan\u00eda Comprometida es la titular de este sitio web.<\/p>\n\n\n\n<p><strong>\u00bfC\u00f3mo hemos obtenido tus datos personales?:<\/strong><\/p>\n\n\n\n<p>Hemos obtenido tus datos de car\u00e1cter personal a trav\u00e9s de las relaciones previas o actuales que has mantenido o mantienes con Fundaci\u00f3n Esplai, Ciudadan\u00eda Comprometida: como receptor de nuestros servicios, como participante de nuestras campa\u00f1as, como donante, o porque nos has solicitado informaci\u00f3n sobre los servicios, las actividades y las campa\u00f1as de Fundaci\u00f3n Esplai Ciudadan\u00eda Comprometida. Fundaci\u00f3n Esplai Ciudadan\u00eda Comprometida &nbsp;est\u00e1 legitimada para recoger tus datos como consecuencia de las obligaciones contractuales derivadas de dicha relaci\u00f3n.<\/p>\n\n\n\n<p>El Tratamiento de los datos con la finalidad de remitir boletines electr\u00f3nicos sobre servicios, eventos, y noticias relacionadas con nuestra actividad profesional, se basa en el inter\u00e9s leg\u00edtimo de Fundaci\u00f3n Esplai Ciudadan\u00eda Comprometida para llevar a t\u00e9rmino estos tratamientos de acuerdo con la normativa vigente o el consentimiento prestado por los interesados \u200b\u200bsolicitado por el caso concreto. Estos datos son los adecuados para las finalidades que se describen en el siguiente apartado.<\/p>\n\n\n\n<p>Tienes derecho a retirar tu consentimiento en cualquier momento mediante correo electr\u00f3nico a la direcci\u00f3n&nbsp;<a href=\"mailto:datospersonales@fundacionesplai.org\">datospersonales@fundacionesplai.org&nbsp;<\/a>o en las sedes de Fundaci\u00f3n Esplai, Ciudadan\u00eda Comprometida, Calle Riu Anoia 42-54, 08820 El Prat de Llobregat (Barcelona) o Calle Latina 21, Local 13 28047 Madrid. La retirada del consentimiento no afectar\u00e1 a la licitud del tratamiento basada en el consentimiento previo a su retirada, y tendr\u00e1 como consecuencia la imposibilidad de mantener la relaci\u00f3n o la prestaci\u00f3n del servicio, en su caso.<\/p>\n\n\n\n<p><strong>\u00bfCon qu\u00e9 finalidad tratamos tus datos y hasta cu\u00e1ndo?<\/strong><\/p>\n\n\n\n<p>La informaci\u00f3n que nos has facilitado o que puedas facilitarnos en el futuro se utiliza estrictamente para los siguientes prop\u00f3sitos, seg\u00fan corresponda:<\/p>\n\n\n\n<ul class=\"wp-block-list\"><li>Procesar tus consultas y\/o solicitudes;<\/li><li>Prestar el servicio solicitado;<\/li><li>Verificar tu identidad;<\/li><li>Enviar informaciones relacionadas con nuestra actividad y servicios;<\/li><li>Dar cumplimiento a las diferentes obligaciones legales de Fundaci\u00f3n Esplai Ciudadan\u00eda Comprometida.<\/li><\/ul>\n\n\n\n<p>Conservaremos los datos proporcionados mientras sea vigente nuestra relaci\u00f3n, hasta el momento que revoques el consentimiento otorgado, excepto que exista una norma legal que requiera su conservaci\u00f3n, procediendo, en este caso, al bloqueo de los datos hasta que transcurra el plazo de conservaci\u00f3n.<br>Posteriormente los datos recogidos ser\u00e1n destruidos con garant\u00edas de privacidad.<\/p>\n\n\n\n<p><strong>\u00bfA qui\u00e9n podemos facilitar tus datos y por qu\u00e9 motivo?<\/strong><\/p>\n\n\n\n<p>Tus datos podr\u00e1n ser cedidos a los siguientes destinatarios por los motivos que se consignan:<\/p>\n\n\n\n<ul class=\"wp-block-list\"><li>Proveedores que precisen acceder a los datos para la prestaci\u00f3n de servicios que Fundaci\u00f3n Esplai, Ciudadan\u00eda Comprometida les haya contratado: empresas prestadoras de servicios de IT y asesoramiento, proveedores de servicios de pago y agencias de referencia de cr\u00e9dito, terceros que nos ayuden a proporcionar servicios digitales y de comercio electr\u00f3nico, de m\u00e1rquetin y campa\u00f1as que nos ayuden a promocionar nuestros servicios y terceros que realizan trabajos de estad\u00edstica. Fundaci\u00f3n Esplai, Ciudadan\u00eda Comprometida tiene suscritos con todos ellos los contratos de confidencialidad y de tratamiento de datos personales exigidos por la normativa de protecci\u00f3n de la privacidad.<\/li><li>Entidades dependientes o vinculadas (Fundaci\u00f3 Catalana de l\u2019Esplai) para gestionar proyectos conjuntos y otros fines administrativos internos, incluido el tratamiento de datos personales.<\/li><li>Administraciones P\u00fablicas: para el cumplimiento de las obligaciones legales a que Fundaci\u00f3n Esplai, Ciudadan\u00eda Comprometida est\u00e1 sujeta por su actividad.<\/li><li>Terceras personas que, de forma razonable, necesiten tener acceso a tus datos de car\u00e1cter personal para una o varias de las finalidades descritas.<\/li><\/ul>\n\n\n\n<p>Se pueden producir transferencias internacionales de datos en los supuestos en los que se hagan publicaciones de fotograf\u00edas en las redes sociales (Facebook, Instagram, Twitter\u2026) de acuerdo con el r\u00e9gimen de autorizaci\u00f3n y notificaci\u00f3n previa que establece la normativa vigente, que el interesado puede retirar en cualquier momento. Las mencionadas transferencias internacionales, en su caso, cuentan con las garant\u00edas adecuadas al basarse en cl\u00e1usulas contractuales tipo aprobadas por la Comisi\u00f3n Europea.<\/p>\n\n\n\n<p><strong>\u00bfQu\u00e9 medidas de Seguridad aplicamos?<\/strong><\/p>\n\n\n\n<p>Hemos adoptado todas las medidas t\u00e9cnicas y organizativas necesarias para mantener el nivel de seguridad requerido en atenci\u00f3n a la naturaleza de los datos personales tratados.<\/p>\n\n\n\n<p>Fundaci\u00f3n Esplai Ciudadan\u00eda Comprometida hace patente su compromiso con la protecci\u00f3n de datos personales y la privacidad de los usuarios, y lleva a cabo las medidas de seguridad t\u00e9cnicas necesarias para evitar su p\u00e9rdida, manipulaci\u00f3n, difusi\u00f3n o alteraci\u00f3n.<\/p>\n\n\n\n<p><strong>\u00bfCu\u00e1les son tus derechos<\/strong><strong>?<\/strong><\/p>\n\n\n\n<p>Como interesado directo, tienes derecho a obtener confirmaci\u00f3n sobre si los responsables estamos tratando datos personales que nos conciernen o no. Puedes ejercer los derechos de acceso, rectificaci\u00f3n, supresi\u00f3n, portabilidad, limitaci\u00f3n, oposici\u00f3n y a no ser objeto de decisiones individualizadas automatizadas.<\/p>\n\n\n\n<p>Para ejercitar dichos derechos, puedes dirigirte mediante comunicaci\u00f3n escrita a Fundaci\u00f3n Esplai, Ciudadan\u00eda Comprometida, Ref. Protecci\u00f3n de datos, Calle Riu Anoia 42-54, 08820 El Prat de Llobregat (Barcelona) o Calle Latina 21, Local 13 28047 Madrid, o bien por correo electr\u00f3nico a datospersonales@fundacionesplai.org. Para el ejercicio de estos derechos ser\u00e1 necesario adjuntar una copia del DNI.<br>Por \u00faltimo, te recordamos tu derecho a interponer una reclamaci\u00f3n ante la Agencia Espa\u00f1ola de Protecci\u00f3n de Datos en aquellos supuestos en que se produzca una vulneraci\u00f3n de la normativa de protecci\u00f3n de datos aplicable.<\/p>\n\n\n\n<p><strong>\u00bfY las cookies?<\/strong><\/p>\n\n\n\n<p>Fundaci\u00f3n Esplai, Ciudadan\u00eda Comprometida puede utilizar cookies cuando un usuario navegue por su p\u00e1gina Web. Las Cookies son ficheros enviados al navegador por medio de un servidor Web con la finalidad de registrar las actividades del usuario durante el tiempo de navegaci\u00f3n. Las cookies utilizadas por nuestra Web se asocian exclusivamente con un usuario an\u00f3nimo y a su ordenador, y no proporcionan por si mismas datos personales del usuario.<br>Mediante la utilizaci\u00f3n de cookies resulta posible que el servidor donde se ubica nuestra p\u00e1gina Web reconozca el navegador Web utilizado por el usuario con la finalidad de mejorar la navegaci\u00f3n. En cualquier caso, el usuario tiene la posibilidad de configurar su navegador para ser avisado de la recepci\u00f3n de cookies y para impedir que se instalen en su equipo.<br>Para utilizar esta p\u00e1gina Web no es necesario que el usuario permita la instalaci\u00f3n de las cookies enviadas por la Web.<br>Las cookies utilizadas por esta Web tienen, en cualquier caso, car\u00e1cter temporal con la \u00fanica finalidad de hacer m\u00e1s efectiva la transmisi\u00f3n ulterior. En ning\u00fan caso se utilizan para recoger informaci\u00f3n de tipo personal.<\/p>\n\n\n\n<p><strong>Enlaces a otras p\u00e1ginas web:<\/strong><\/p>\n\n\n\n<p>No nos hacemos responsables de las pol\u00edticas de privacidad de otras p\u00e1ginas Web, aunque el enlace haya sido facilitado por nuestra propia p\u00e1gina. Recomendamos que leas con atenci\u00f3n la pol\u00edtica de cada p\u00e1gina por la que navegues y que te pongas en contacto con su propietario ante cualquier duda al respecto.<br>Asimismo, si obtienes el enlace a nuestra p\u00e1gina Web a trav\u00e9s de alguna Web ajena, no nos hacemos responsables de la pol\u00edtica e privacidad o pr\u00e1cticas de esta p\u00e1gina externa.<\/p>\n\t\t<\/div>\n\t\t<a href=\"javascript:void(0);\" class=\"um-toggle-gdpr\" data-toggle-state=\"hidden\"\n\t\t\tdata-toggle-show=\"Mostrar la pol\u00edtica de privacidad\"\n\t\t\tdata-toggle-hide=\"Ocultar la pol\u00edtica de privacidad\">\n\t\t\tMostrar la pol\u00edtica de privacidad\t\t<\/a>\n\t<\/div>\n\t<div class=\"um-field-area\">\n\t\t<label class=\"um-field-checkbox\">\n\t\t\t<input type=\"checkbox\" name=\"use_gdpr_agreement\" value=\"1\">\n\t\t\t<span class=\"um-field-checkbox-state\"><i class=\"um-icon-android-checkbox-outline-blank\"><\/i><\/span>\n\t\t\t<span class=\"um-field-checkbox-option\">Por favor, confirma que est\u00e1s de acuerdo con nuestra pol\u00edtica de privacidad<\/span>\n\t\t<\/label>\n\t\t<div class=\"um-clear\"><\/div>\n\t\t\t\t<div class=\"um-clear\"><\/div>\n\t<\/div>\n<\/div>\n\t<input type=\"hidden\" name=\"form_id\" id=\"form_id_485\" value=\"485\" \/>\n\t\t<p class=\"um_request_name\">\n\t\t<label for=\"um_request_485\">Only fill in if you are not human<\/label>\n\t\t<input type=\"hidden\" name=\"um_request\" id=\"um_request_485\" class=\"input\" value=\"\" size=\"25\" autocomplete=\"off\" \/>\n\t<\/p>\n\t<input type=\"hidden\" id=\"_wpnonce\" name=\"_wpnonce\" value=\"a6690b635f\" \/><input type=\"hidden\" name=\"_wp_http_referer\" value=\"\/index.php\/wp-json\/wp\/v2\/pages\/495\" \/>\n\t<div class=\"um-col-alt\">\n\n\t\t\n\t\t\t<div class=\"um-left um-half\">\n\t\t\t\t<input type=\"submit\" value=\"Registro\" class=\"um-button\" id=\"um-submit-btn\" \/>\n\t\t\t<\/div>\n\t\t\t<div class=\"um-right um-half\">\n\t\t\t\t<a href=\"https:\/\/sinprejuicios.fundacionesplai.org\/index.php\/iniciar-sesion\/\" class=\"um-button um-alt\">\n\t\t\t\t\tIniciar sesi\u00f3n\t\t\t\t<\/a>\n\t\t\t<\/div>\n\n\t\t\n\t\t<div class=\"um-clear\"><\/div>\n\n\t<\/div>\n\n\t\t\t<\/form>\n\t<\/div>\n<\/div>\n<style>\n\t\t\t.um-485.um {\n\t\t\tmax-width: 750px;\n\t\t}\n\t\t<\/style>\n[\/et_pb_code][\/et_pb_column][\/et_pb_row][\/et_pb_section]<\/p>\n","protected":false},"excerpt":{"rendered":"<p>Los contenidos formativos \u00a1Que no te la cuelen! est\u00e1n limitados a usuarios no registrados. Para desbloquearlos reg\u00edstrate o inicia sesi\u00f3n con tu cuenta #SinprejuiciosRCM para poder desbloquearlos. \u00bfPor qu\u00e9 pedimos tus datos? Formamos parte de un proyecto que necesita subvenci\u00f3n para poder realizar las acciones de concienciaci\u00f3n y lucha contra los prejuicios y discriminaci\u00f3n. Para [&hellip;]<\/p>\n","protected":false},"author":2,"featured_media":0,"parent":0,"menu_order":0,"comment_status":"closed","ping_status":"closed","template":"page-template-blank.php","meta":{"_et_pb_use_builder":"on","_et_pb_old_content":"<!-- wp:table -->\r\n<figure class=\"wp-block-table\"><table><tbody><tr><td><br>[ultimatemember form_id=\"485\"]<\/td><\/tr><\/tbody><\/table><\/figure>\r\n<!-- \/wp:table -->\r\n\r\n<!-- wp:paragraph -->\r\n<p><\/p>\r\n<!-- \/wp:paragraph -->","_et_gb_content_width":"1080","footnotes":""},"class_list":["post-495","page","type-page","status-publish","hentry"],"_links":{"self":[{"href":"https:\/\/sinprejuicios.fundacionesplai.org\/index.php\/wp-json\/wp\/v2\/pages\/495","targetHints":{"allow":["GET"]}}],"collection":[{"href":"https:\/\/sinprejuicios.fundacionesplai.org\/index.php\/wp-json\/wp\/v2\/pages"}],"about":[{"href":"https:\/\/sinprejuicios.fundacionesplai.org\/index.php\/wp-json\/wp\/v2\/types\/page"}],"author":[{"embeddable":true,"href":"https:\/\/sinprejuicios.fundacionesplai.org\/index.php\/wp-json\/wp\/v2\/users\/2"}],"replies":[{"embeddable":true,"href":"https:\/\/sinprejuicios.fundacionesplai.org\/index.php\/wp-json\/wp\/v2\/comments?post=495"}],"version-history":[{"count":21,"href":"https:\/\/sinprejuicios.fundacionesplai.org\/index.php\/wp-json\/wp\/v2\/pages\/495\/revisions"}],"predecessor-version":[{"id":3040,"href":"https:\/\/sinprejuicios.fundacionesplai.org\/index.php\/wp-json\/wp\/v2\/pages\/495\/revisions\/3040"}],"wp:attachment":[{"href":"https:\/\/sinprejuicios.fundacionesplai.org\/index.php\/wp-json\/wp\/v2\/media?parent=495"}],"curies":[{"name":"wp","href":"https:\/\/api.w.org\/{rel}","templated":true}]}}