{"id":501,"date":"2020-10-28T16:04:15","date_gmt":"2020-10-28T16:04:15","guid":{"rendered":"https:\/\/sinprejuicios.fundacionesplai.org\/?page_id=501"},"modified":"2020-11-10T15:10:25","modified_gmt":"2020-11-10T15:10:25","slug":"restablecer-la-contrasena","status":"publish","type":"page","link":"https:\/\/sinprejuicios.fundacionesplai.org\/index.php\/restablecer-la-contrasena\/","title":{"rendered":"Restablecer la contrase\u00f1a"},"content":{"rendered":"[et_pb_section fb_built=&#8221;1&#8243; fullwidth=&#8221;on&#8221; _builder_version=&#8221;4.6.5&#8243; _module_preset=&#8221;default&#8221;][et_pb_fullwidth_menu menu_id=&#8221;18&#8243; active_link_color=&#8221;#6136ac&#8221; logo=&#8221;https:\/\/sinprejuicios.fundacionesplai.org\/wp-content\/uploads\/2020\/09\/logo-FE_horizontal-RGB_BLANCO_TRANSP.png&#8221; logo_url=&#8221;@ET-DC@eyJkeW5hbWljIjp0cnVlLCJjb250ZW50IjoicG9zdF9saW5rX3VybF9wYWdlIiwic2V0dGluZ3MiOnsicG9zdF9pZCI6IjIifX0=@&#8221; logo_max_width=&#8221;61%&#8221; _builder_version=&#8221;4.6.5&#8243; _dynamic_attributes=&#8221;logo_url&#8221; _module_preset=&#8221;default&#8221; menu_font=&#8221;|700|||||||&#8221; menu_text_color=&#8221;#ffffff&#8221; background_color=&#8221;#000000&#8243; text_orientation=&#8221;right&#8221;][\/et_pb_fullwidth_menu][\/et_pb_section][et_pb_section fb_built=&#8221;1&#8243; _builder_version=&#8221;4.6.5&#8243; hover_enabled=&#8221;0&#8243; custom_margin=&#8221;0px||0px||false|false&#8221; sticky_enabled=&#8221;0&#8243;][et_pb_row _builder_version=&#8221;3.25&#8243; background_size=&#8221;initial&#8221; background_position=&#8221;top_left&#8221; background_repeat=&#8221;repeat&#8221;][et_pb_column type=&#8221;4_4&#8243; _builder_version=&#8221;3.25&#8243; custom_padding=&#8221;|||&#8221; custom_padding__hover=&#8221;|||&#8221;][et_pb_text _builder_version=&#8221;3.27.4&#8243; background_size=&#8221;initial&#8221; background_position=&#8221;top_left&#8221; background_repeat=&#8221;repeat&#8221;]\r\n<div class=\"um um-password um-um_password_id\">\n\t<div class=\"um-form\">\n\t\t<form method=\"post\" action=\"\">\n\t\t\t\n\t\t\t\t<input type=\"hidden\" name=\"_um_password_reset\" id=\"_um_password_reset\" value=\"1\" \/>\n\n\t\t\t\t\t\t\t\t\t<div class=\"um-field um-field-block um-field-type_block\">\n\t\t\t\t\t\t<div class=\"um-field-block\">\n\t\t\t\t\t\t\t<div style=\"text-align:center;\">\n\t\t\t\t\t\t\t\tPara restablecer tu contrase\u00f1a, por favor, introduce a continuaci\u00f3n tu direcci\u00f3n de correo electr\u00f3nico o nombre de usuario.\t\t\t\t\t\t\t<\/div>\n\t\t\t\t\t\t<\/div>\n\t\t\t\t\t<\/div>\n\t\t\t\t\t<div  id=\"um_field_0_username_b\" class=\"um-field um-field-text  um-field-username_b um-field-text um-field-type_text\" data-key=\"username_b\"><div class=\"um-field-area\"><input  autocomplete=\"off\" class=\"um-form-field valid \" type=\"text\" name=\"username_b\" id=\"username_b\" value=\"\" placeholder=\"Introduce tu nombre de usuario o correo electr\u00f3nico\" data-validate=\"\" data-key=\"username_b\"  aria-invalid=\"false\" \/>\n\n\t\t\t\t\t\t<\/div><\/div>\t\t\t\t<div class=\"um-col-alt um-col-alt-b\">\n\t\t\t\t\t<div class=\"um-center\">\n\t\t\t\t\t\t<input type=\"submit\" value=\"Restablecer contrase\u00f1a\" class=\"um-button\" id=\"um-submit-btn\" \/>\n\t\t\t\t\t<\/div>\n\t\t\t\t\t<div class=\"um-clear\"><\/div>\n\t\t\t\t<\/div>\n\t\t\t\t\t<input type=\"hidden\" name=\"form_id\" id=\"form_id_um_password_id\" value=\"um_password_id\" \/>\n\t\t<p class=\"um_request_name\">\n\t\t<label for=\"um_request_um_password_id\">Only fill in if you are not human<\/label>\n\t\t<input type=\"hidden\" name=\"um_request\" id=\"um_request_um_password_id\" class=\"input\" value=\"\" size=\"25\" autocomplete=\"off\" \/>\n\t<\/p>\n\t\t\t<\/form>\n\t<\/div>\n<\/div>\n<style>\n\t\t\t.um-um_password_id.um {\n\t\t\tmax-width: 450px;\n\t\t}\n\t\t<\/style>\n\r\n[\/et_pb_text][\/et_pb_column][\/et_pb_row][\/et_pb_section]","protected":false},"excerpt":{"rendered":"<div class=\"um um-password um-um_password_id\">\n\t<div class=\"um-form\">\n\t\t<form method=\"post\" action=\"\">\n\t\t\t\n\t\t\t\t<input type=\"hidden\" name=\"_um_password_reset\" id=\"_um_password_reset\" value=\"1\" \/>\n\n\t\t\t\t\t\t\t\t\t<div class=\"um-field um-field-block um-field-type_block\">\n\t\t\t\t\t\t<div class=\"um-field-block\">\n\t\t\t\t\t\t\t<div style=\"text-align:center;\">\n\t\t\t\t\t\t\t\tPara restablecer tu contrase\u00f1a, por favor, introduce a continuaci\u00f3n tu direcci\u00f3n de correo electr\u00f3nico o nombre de usuario.\t\t\t\t\t\t\t<\/div>\n\t\t\t\t\t\t<\/div>\n\t\t\t\t\t<\/div>\n\t\t\t\t\t<div  id=\"um_field_0_username_b\" class=\"um-field um-field-text  um-field-username_b um-field-text um-field-type_text\" data-key=\"username_b\"><div class=\"um-field-area\"><input  autocomplete=\"off\" class=\"um-form-field valid \" type=\"text\" name=\"username_b\" id=\"username_b\" value=\"\" placeholder=\"Introduce tu nombre de usuario o correo electr\u00f3nico\" data-validate=\"\" data-key=\"username_b\"  aria-invalid=\"false\" \/>\n\n\t\t\t\t\t\t<\/div><\/div>\t\t\t\t<div class=\"um-col-alt um-col-alt-b\">\n\t\t\t\t\t<div class=\"um-center\">\n\t\t\t\t\t\t<input type=\"submit\" value=\"Restablecer contrase\u00f1a\" class=\"um-button\" id=\"um-submit-btn\" \/>\n\t\t\t\t\t<\/div>\n\t\t\t\t\t<div class=\"um-clear\"><\/div>\n\t\t\t\t<\/div>\n\t\t\t\t\t<input type=\"hidden\" name=\"form_id\" id=\"form_id_um_password_id\" value=\"um_password_id\" \/>\n\t\t<p class=\"um_request_name\">\n\t\t<label for=\"um_request_um_password_id\">Only fill in if you are not human<\/label>\n\t\t<input type=\"hidden\" name=\"um_request\" id=\"um_request_um_password_id\" class=\"input\" value=\"\" size=\"25\" autocomplete=\"off\" \/>\n\t<\/p>\n\t\t\t<\/form>\n\t<\/div>\n<\/div>\n\n","protected":false},"author":2,"featured_media":0,"parent":0,"menu_order":0,"comment_status":"closed","ping_status":"closed","template":"page-template-blank.php","meta":{"_et_pb_use_builder":"on","_et_pb_old_content":"<!-- wp:paragraph -->\r\n<p>[ultimatemember_password]<\/p>\r\n<!-- \/wp:paragraph -->","_et_gb_content_width":"1080","footnotes":""},"class_list":["post-501","page","type-page","status-publish","hentry"],"_links":{"self":[{"href":"https:\/\/sinprejuicios.fundacionesplai.org\/index.php\/wp-json\/wp\/v2\/pages\/501","targetHints":{"allow":["GET"]}}],"collection":[{"href":"https:\/\/sinprejuicios.fundacionesplai.org\/index.php\/wp-json\/wp\/v2\/pages"}],"about":[{"href":"https:\/\/sinprejuicios.fundacionesplai.org\/index.php\/wp-json\/wp\/v2\/types\/page"}],"author":[{"embeddable":true,"href":"https:\/\/sinprejuicios.fundacionesplai.org\/index.php\/wp-json\/wp\/v2\/users\/2"}],"replies":[{"embeddable":true,"href":"https:\/\/sinprejuicios.fundacionesplai.org\/index.php\/wp-json\/wp\/v2\/comments?post=501"}],"version-history":[{"count":4,"href":"https:\/\/sinprejuicios.fundacionesplai.org\/index.php\/wp-json\/wp\/v2\/pages\/501\/revisions"}],"predecessor-version":[{"id":1314,"href":"https:\/\/sinprejuicios.fundacionesplai.org\/index.php\/wp-json\/wp\/v2\/pages\/501\/revisions\/1314"}],"wp:attachment":[{"href":"https:\/\/sinprejuicios.fundacionesplai.org\/index.php\/wp-json\/wp\/v2\/media?parent=501"}],"curies":[{"name":"wp","href":"https:\/\/api.w.org\/{rel}","templated":true}]}}